{"id":706,"date":"2023-09-06T11:02:00","date_gmt":"2023-09-06T11:02:00","guid":{"rendered":"https:\/\/ee.havas.com\/cookies-policy\/"},"modified":"2023-12-14T18:39:23","modified_gmt":"2023-12-14T18:39:23","slug":"kupsisepoliitika","status":"publish","type":"page","link":"https:\/\/ee.havas.com\/et\/kupsisepoliitika\/","title":{"rendered":"K\u00fcpsisepoliitika"},"content":{"rendered":"<div class=\"container -content\">\n<h1>K\u00fcpsisepoliitika<\/h1>\n<p class=\"cookies-data\">M\u00f5ned k\u00fcpsised v\u00f5i muud j\u00e4lgimisseadmed v\u00f5ivad paigalduda teie seadmesse (arvuti, tahvelarvuti v\u00f5i mobiiltelefon), kui k\u00fclastate meie veebisaiti <a href=\"https:\/\/ee.havas.com\/et\/\">www.havas.ee.<\/a><\/p>\n<p class=\"cookies-data\">See k\u00fcpsisepoliitika sisaldab teavet selle kohta, mis on k\u00fcpsised, milliseid k\u00fcpsiseid Havas kasutab <a href=\"https:\/\/www.havas.com\/\"target=\"_blank\" rel=\"noreferrer noopener\">havas.com <\/a>veebisaidil ja nende kasutamise eesm\u00e4rke, samuti teie k\u00fcpsiste eelistusi.<\/p>\n<p class=\"cookies-data\">See k\u00fcpsisepoliitika tuleks lugeda koos <a href=\"\/et\/andmekaitsepoliitika\/\">Havas privaatsuspoliitikaga.<\/a>.<\/p>\n<h2>Mida me m\u00f5tleme k\u00fcpsiste ja muude j\u00e4lgimisseadmete all?<\/h2>\n<p class=\"cookies-data\">K\u00fcpsised on v\u00e4ikesed failid, mis sisaldavad andmemahtu, mis tekib veebisaidil sirvides ja mis paigaldatakse teie interneti veebibrauserisse.<\/p>\n<p class=\"cookies-data\">Muud j\u00e4lgimistehnoloogiad, nagu j\u00e4lgijad, pikslid ja n\u00e4htamatud GIF-id, toimivad samamoodi nagu k\u00fcpsised. K\u00fcpsiseid ja muid j\u00e4lgimisseadmeid kasutatakse teie tegevuse j\u00e4lgimiseks veebisaidil, v\u00f5imaldades meil (esimese osapoole k\u00fcpsiste kaudu) ja kolmandatel osapooltel (kolmanda osapoole k\u00fcpsiste kaudu) koguda teavet selle kohta, kuidas te veebisaiti kasutate, ja seel\u00e4bi parandada selle toimimist ning teie veebisaidi k\u00fclastust.<\/p>\n<p class=\"cookies-data\">SM\u00f5ned k\u00fcpsised on ajutised ja kustuvad seet\u00f5ttu automaatselt teie seadmest iga kord, kui sulgete oma brauseri (sessioonik\u00fcpsised).Teised on p\u00fcsivad; need j\u00e4\u00e4vad teie seadmesse m\u00e4\u00e4ratud aja jooksul ja aktiveeritakse iga kord, kui k\u00fclastate veebisaiti, mis need paigaldas.<\/p>\n<h2>Milliseid k\u00fcpsiseid me kasutame ja mis eesm\u00e4rgil?<\/h2>\n<p class=\"cookies-data\">Kui sirvite meie veebisaiti, kasutame j\u00e4rgmisi t\u00fc\u00fcpe k\u00fcpsiseid:<\/p>\n<h3>H\u00e4davajalikud k\u00fcpsised<\/h3>\n<p class=\"cookies-data\">Need k\u00fcpsised on vajalikud veebisaidil pakutavate teenuste jaoks spetsiifiliste toimingute jaoks.<\/p>\n<p class=\"cookies-data\">Neid kasutatakse meie veebisaidi p\u00f5hifunktsioonide, nagu teie k\u00fcpsise n\u00f5usoleku valikute, pakkumiseks.<\/p>\n<table class=\"dpp-table mb-4\">\n<tbody>\n<tr>\n<th>\n          <strong>Name of cookie<\/strong><\/th>\n<th>\n          <strong>Publisher<\/strong><\/th>\n<th>\n          <strong>Purpose<\/strong><\/th>\n<th><strong>Retention period<\/strong><\/th>\n<\/tr>\n<tr>\n<td>Tarteaucitron<\/td>\n<td>Tarte au Citron\n<\/td>\n<td>Saves your cookie consent choices<\/td>\n<td>1 month<\/td>\n<\/tr>\n<\/tbody>\n<\/table>\n<p class=\"cookies-data\">Kui takistate nende k\u00fcpsiste paigaldamist, ei saa te enam neid funktsioone kasutada ja veebisait ei pruugi t\u00f5husalt toimida.<\/p>\n<h3>Tulemuslikkuse k\u00fcpsised<\/h3>\n<p class=\"cookies-data\">Neid k\u00fcpsiseid kasutatakse anon\u00fc\u00fcmsete andmete kogumiseks statistilistel eesm\u00e4rkidel.<\/p>\n<p class=\"cookies-data\">Need v\u00f5imaldavad meil m\u00f5\u00f5ta veebisaidi publikut ja anal\u00fc\u00fcsida k\u00fclastajate sirvimisviisi (veebisaidi k\u00fclastajate arv, iga lehe k\u00fclastuste arv, iga lehele kulutatud aeg, klikkide asukoht, reklaamide t\u00f5hususe m\u00f5\u00f5tmine jne).<\/p>\n<p class=\"cookies-data\">Neid kasutatakse ka brauseriprobleemide ja muude raskuste tuvastamiseks.<\/p>\n<p class=\"cookies-data\">Need k\u00fcpsised aitavad meil parandada oma veebisaiti ja teie sirvimiskogemust.<\/p>\n<table class=\"dpp-table mb-4\">\n<tbody>\n<tr>\n<th>\n          <strong>Name of cookie<\/strong><\/th>\n<th>\n          <strong>Publisher<\/strong><\/th>\n<th>\n          <strong>Purpose<\/strong><\/th>\n<th><strong>Retention period<\/strong><\/th>\n<\/tr>\n<tr>\n<td>_pk_id.*<\/td>\n<td>Matomo\n<\/td>\n<td>This cookie is used to maintain a unique user ID.<\/td>\n<td>13 months<\/td>\n<\/tr>\n<tr>\n<td>_pk_ses.*<\/td>\n<td>Matomo\n<\/td>\n<td>This cookie is used to store browsing data.<\/td>\n<td>30 minutes<\/td>\n<\/tr>\n<\/tbody>\n<\/table>\n<h3>Kohandamise v\u00f5i funktsionaalsuse k\u00fcpsised<\/h3>\n<p class=\"cookies-data\">Neid k\u00fcpsiseid kasutatakse teie valikute, seadete ja sisu eelistuste meeldej\u00e4tmiseks veebisaidil [n\u00e4iteks paroolide, keele, piirkonna, ajav\u00f6\u00f6ndi, kohandamise valikute jne.] ja seega pakutakse teile kohandatud sirvimiskogemust, kohandades veebisaidi sisu teile.<\/p>\n<table class=\"dpp-table mb-4\">\n<tbody>\n<tr>\n<th>\n          <strong>Name of cookie<\/strong><\/th>\n<th>\n          <strong>Publisher<\/strong><\/th>\n<th>\n          <strong>Purpose<\/strong><\/th>\n<th><strong>Retention period<\/strong><\/th>\n<\/tr>\n<tr>\n<td>Pll_language<\/td>\n<td>Havas\n<\/td>\n<td>This cookie allows you to save your language choices for the website<\/td>\n<td>1  year<\/td>\n<\/tr>\n<\/tbody>\n<\/table>\n<p class=\"cookies-data\">Kui te neist k\u00fcpsistest keeldute, ei saa me teile enam teatavaid funktsioone pakkuda ja m\u00f5ned veebisaidi lehed ei pruugi korralikult toimida.<\/p>\n<h3>Kolmandate osapoolte k\u00fcpsised<\/h3>\n<p class=\"cookies-data\">M\u00f5nel juhul kasutame k\u00fcpsiste haldamiseks kolmandaid osapooli.<\/p>\n<p class=\"cookies-data\">Kolmandad osapooled v\u00f5ivad kasutada ka oma k\u00fcpsiseid v\u00f5i muid j\u00e4lgimisseadmeid teie tegevuse kohta veebisaidil, n\u00e4iteks pakkuda teile kohandatud reklaame oma veebisaidil.<\/p>\n<p class=\"cookies-data\">Teie seadmesse v\u00f5ivad olla paigaldatud ka m\u00f5ne sotsiaalmeedia v\u00f5rgustiku k\u00fcpsised, v\u00f5imaldamaks teil nende sotsiaalmeedia v\u00f5rgustikes suhelda, nagu Facebook v\u00f5i Twitter.<\/p>\n<p class=\"cookies-data\">Me ei ole nende kolmandate osapoolte k\u00fcpsiste paigaldamise v\u00f5i toimimisega mingil moel seotud ja meil pole nendele k\u00fcpsistele juurdep\u00e4\u00e4su ega kontrolli. Need k\u00fcpsised alluvad nende endi k\u00fcpsisepoliitikale, mis on saadaval iga vastava kolmanda osapoole veebisaidil ja mille lugemist soovitame.<\/p>\n<table class=\"dpp-table mb-4\">\n<tbody>\n<tr>\n<th>\n          <strong>Name of cookie<\/strong><\/th>\n<th>\n          <strong>Publisher<\/strong><\/th>\n<th>\n          <strong>Purpose<\/strong><\/th>\n<th><strong>Retention period<\/strong><\/th>\n<\/tr>\n<tr>\n<td>Pll_language<\/td>\n<td>Havas\n<\/td>\n<td>This cookie allows you to save your language choices for the website<\/td>\n<td>1  year<\/td>\n<\/tr>\n<\/tbody>\n<\/table>\n<p class=\"cookies-data\">Meie veebisaidil paigaldatud kolmandate osapoolte k\u00fcpsised kuuluvad v\u00e4lise andmehalduri alla, kes v\u00f5ib teie isikuandmeid t\u00f6\u00f6delda, kui n\u00f5ustute tema k\u00fcpsistega.<\/p>\n<p class=\"cookies-data\">Palun k\u00fclastage kolmandate osapoolte avaldajate k\u00fcpsiselehti teabe saamiseks selle kohta, kuidas nad kasutavad k\u00fcpsiseid ja muid j\u00e4lgimisseadmeid.<\/p>\n<h3>N\u00f5usolek<\/h3>\n<p class=\"cookies-data\">Kui k\u00fclastate meie veebisaiti esimest korda, palutakse teil n\u00f5ustuda v\u00f5i keelduda k\u00fcpsiste kasutamisest.<\/p>\n<p class=\"cookies-data\">Kui te ei soovi, et need k\u00fcpsised teie l\u00f5ppseadmesse paigaldataksid v\u00f5i loetaksid, paigaldatakse teie seadmesse k\u00fcpsis, et saaksime salvestada teie vastuv\u00e4ite k\u00fcpsiste kasutamisele.<\/p>\n<p class=\"cookies-data\">Sarnaselt, kui n\u00f5ustute k\u00fcpsiste kasutamisega, paigaldatakse l\u00f5ppseadmesse n\u00f5usolekuk\u00fcpsis.<\/p>\n<p class=\"cookies-data\">Teie keeldumise tunnustamiseks on vaja k\u00fcpsise paigaldamist. Seega, kui keelate k\u00f5ik k\u00fcpsised oma seadmes v\u00f5i kui muudate oma seadet, ei saa me enam teada, et olete selle valiku teinud.<\/p>\n<p class=\"cookies-data\">Saate igal ajal hallata oma k\u00fcpsiste eelistusi, kl\u00f5psates veebisaidi lehe allosas nupul <u>&#8220;K\u00fcpsise seaded&#8221;<\/u>.<\/p>\n<h2>Teie k\u00fcpsisevalikud<\/h2>\n<p class=\"cookies-data\">Teil on mitu v\u00f5imalust kontrollida v\u00f5i piirata, kuidas k\u00fcpsiseid saab paigaldada ja kasutada meie v\u00f5i kolmandate osapoolte poolt:<\/p>\n<li>Saate valida k\u00f5ik v\u00f5i m\u00f5ned k\u00fcpsised oma seadmest kustutada oma brauseri seadete kaudu<\/li>\n<li>Saate valida k\u00fcpsiste paigaldamise takistamise oma sirvimiseelistuste kaudu<\/li>\n<li>Saate lubada otse meie veebisaidil kasutatavate k\u00fcpsiste kasutamise, kl\u00f5psates nupul <u>&#8220;K\u00fcpsise seaded&#8221;<\/u>.<\/u><\/li>\n<\/ul>\n<p class=\"cookies-data\">Lisateabe saamiseks selle kohta, kuidas hallata v\u00f5i kustutada k\u00fcpsiseid oma brauserist, j\u00e4rgige allolevaid linke iga brauseri kohta:<\/p>\n<ul>\n<li><a href=\"https:\/\/support.microsoft.com\/en-gb\/help\/278835\/how-to-delete-cookie-files-in-internet-explorer\" target=\"_blank\" rel=\"noreferrer noopener\">Internet Explorer<\/a><\/li>\n<li><a href=\"https:\/\/support.google.com\/chrome\/answer\/95647?hl=en&amp;p=cpn_cookies\" target=\"_blank\" rel=\"noreferrer noopener\">Chrome<\/a><\/li>\n<li><a href=\"https:\/\/support.apple.com\/en-gb\/guide\/safari\/welcome\/mac\" target=\"_blank\" rel=\"noreferrer noopener\">Safari<\/a><\/li>\n<li><a href=\"https:\/\/support.mozilla.org\/en-US\/kb\/cookies-information-websites-store-on-your-computer?redirectlocale=en-US&amp;redirectslug=Cookies\" target=\"_blank\" rel=\"noreferrer noopener\">Mozilla Firefox<\/a><\/li>\n<li><a href=\"https:\/\/help.opera.com\/en\/latest\/web-preferences\/#cookies\" target=\"_blank\" rel=\"noreferrer noopener\">Opera<\/a><\/li>\n<\/ul>\n<p class=\"cookies-data\">M\u00e4rkus: kui valite blokeerida v\u00f5i keelata osa v\u00f5i k\u00f5ik meie kasutatavad k\u00fcpsised, v\u00f5ib meie veebisait mitte korralikult toimida ja te ei pruugi saada k\u00f5iki k\u00fcpsiste kasutamise kaudu pakutavaid teenuseid ja funktsioone.<\/p>\n<p class=\"cookies-data\">Kui soovite rohkem teada k\u00fcpsiste kohta ja kuidas neid hallata, v\u00f5ite k\u00fclastada j\u00e4rgmisi veebisaite: \u202f<a href=\"https:\/\/www.youronlinechoices.eu\/\" target=\"_blank\" rel=\"noreferrer noopener\">https:\/\/www.youronlinechoices.eu<\/a> ja <a href=\"https:\/\/www.allaboutcookies.org\/\" target=\"_blank\" rel=\"noreferrer noopener\">https:\/\/www.allaboutcookies.org<\/a>.<\/p>\n<h2>V\u00f5tke meiega \u00fchendust<\/h2>\n<p class=\"cookies-data\">Kui teil on k\u00fcsimusi v\u00f5i kommentaare seoses selle k\u00fcpsisepoliitika ja Havase k\u00fcpsiste ning muude j\u00e4lgimisseadmete kasutamisega, v\u00f5ite meiega \u00fchendust v\u00f5tta aadressil: <a href=\"mailto:info@havas.ee\">info@havas.ee<\/a><\/p>\n<\/div>\n","protected":false},"excerpt":{"rendered":"<p>K\u00fcpsisepoliitika M\u00f5ned k\u00fcpsised v\u00f5i muud j\u00e4lgimisseadmed v\u00f5ivad paigalduda teie seadmesse (arvuti, tahvelarvuti v\u00f5i mobiiltelefon), kui k\u00fclastate meie veebisaiti www.havas.ee. See k\u00fcpsisepoliitika sisaldab teavet selle kohta, mis on k\u00fcpsised, milliseid k\u00fcpsiseid Havas kasutab havas.com veebisaidil ja nende kasutamise eesm\u00e4rke, samuti teie k\u00fcpsiste eelistusi. See k\u00fcpsisepoliitika tuleks lugeda koos Havas privaatsuspoliitikaga.. Mida me m\u00f5tleme k\u00fcpsiste ja muude [&hellip;]<\/p>\n","protected":false},"author":1,"featured_media":0,"parent":0,"menu_order":0,"comment_status":"closed","ping_status":"closed","template":"","meta":{"footnotes":""},"class_list":["post-706","page","type-page","status-publish","hentry","entry"],"yoast_head":"<!-- This site is optimized with the Yoast SEO plugin v27.5 - https:\/\/yoast.com\/product\/yoast-seo-wordpress\/ -->\n<title>K\u00fcpsisepoliitika - Havas Estonia<\/title>\n<meta name=\"robots\" content=\"index, follow, max-snippet:-1, max-image-preview:large, max-video-preview:-1\" \/>\n<link rel=\"canonical\" href=\"https:\/\/ee.havas.com\/et\/kupsisepoliitika\/\" \/>\n<meta property=\"og:locale\" content=\"et_EE\" \/>\n<meta property=\"og:type\" content=\"article\" \/>\n<meta property=\"og:title\" content=\"K\u00fcpsisepoliitika - Havas Estonia\" \/>\n<meta property=\"og:description\" content=\"K\u00fcpsisepoliitika M\u00f5ned k\u00fcpsised v\u00f5i muud j\u00e4lgimisseadmed v\u00f5ivad paigalduda teie seadmesse (arvuti, tahvelarvuti v\u00f5i mobiiltelefon), kui k\u00fclastate meie veebisaiti www.havas.ee. See k\u00fcpsisepoliitika sisaldab teavet selle kohta, mis on k\u00fcpsised, milliseid k\u00fcpsiseid Havas kasutab havas.com veebisaidil ja nende kasutamise eesm\u00e4rke, samuti teie k\u00fcpsiste eelistusi. See k\u00fcpsisepoliitika tuleks lugeda koos Havas privaatsuspoliitikaga.. Mida me m\u00f5tleme k\u00fcpsiste ja muude [&hellip;]\" \/>\n<meta property=\"og:url\" content=\"https:\/\/ee.havas.com\/et\/kupsisepoliitika\/\" \/>\n<meta property=\"og:site_name\" content=\"Havas Estonia\" \/>\n<meta property=\"article:modified_time\" content=\"2023-12-14T18:39:23+00:00\" \/>\n<meta name=\"twitter:card\" content=\"summary_large_image\" \/>\n<meta name=\"twitter:label1\" content=\"Est. reading time\" \/>\n\t<meta name=\"twitter:data1\" content=\"5 minutes\" \/>\n<script type=\"application\/ld+json\" class=\"yoast-schema-graph\">{\"@context\":\"https:\\\/\\\/schema.org\",\"@graph\":[{\"@type\":\"WebPage\",\"@id\":\"https:\\\/\\\/ee.havas.com\\\/et\\\/kupsisepoliitika\\\/\",\"url\":\"https:\\\/\\\/ee.havas.com\\\/et\\\/kupsisepoliitika\\\/\",\"name\":\"K\u00fcpsisepoliitika - Havas Estonia\",\"isPartOf\":{\"@id\":\"https:\\\/\\\/ee.havas.com\\\/#website\"},\"datePublished\":\"2023-09-06T11:02:00+00:00\",\"dateModified\":\"2023-12-14T18:39:23+00:00\",\"breadcrumb\":{\"@id\":\"https:\\\/\\\/ee.havas.com\\\/et\\\/kupsisepoliitika\\\/#breadcrumb\"},\"inLanguage\":\"et\",\"potentialAction\":[{\"@type\":\"ReadAction\",\"target\":[\"https:\\\/\\\/ee.havas.com\\\/et\\\/kupsisepoliitika\\\/\"]}]},{\"@type\":\"BreadcrumbList\",\"@id\":\"https:\\\/\\\/ee.havas.com\\\/et\\\/kupsisepoliitika\\\/#breadcrumb\",\"itemListElement\":[{\"@type\":\"ListItem\",\"position\":1,\"name\":\"Home\",\"item\":\"https:\\\/\\\/ee.havas.com\\\/et\\\/\"},{\"@type\":\"ListItem\",\"position\":2,\"name\":\"K\u00fcpsisepoliitika\"}]},{\"@type\":\"WebSite\",\"@id\":\"https:\\\/\\\/ee.havas.com\\\/#website\",\"url\":\"https:\\\/\\\/ee.havas.com\\\/\",\"name\":\"Havas Estonia\",\"description\":\"\",\"potentialAction\":[{\"@type\":\"SearchAction\",\"target\":{\"@type\":\"EntryPoint\",\"urlTemplate\":\"https:\\\/\\\/ee.havas.com\\\/?s={search_term_string}\"},\"query-input\":{\"@type\":\"PropertyValueSpecification\",\"valueRequired\":true,\"valueName\":\"search_term_string\"}}],\"inLanguage\":\"et\"}]}<\/script>\n<!-- \/ Yoast SEO plugin. -->","yoast_head_json":{"title":"K\u00fcpsisepoliitika - Havas Estonia","robots":{"index":"index","follow":"follow","max-snippet":"max-snippet:-1","max-image-preview":"max-image-preview:large","max-video-preview":"max-video-preview:-1"},"canonical":"https:\/\/ee.havas.com\/et\/kupsisepoliitika\/","og_locale":"et_EE","og_type":"article","og_title":"K\u00fcpsisepoliitika - Havas Estonia","og_description":"K\u00fcpsisepoliitika M\u00f5ned k\u00fcpsised v\u00f5i muud j\u00e4lgimisseadmed v\u00f5ivad paigalduda teie seadmesse (arvuti, tahvelarvuti v\u00f5i mobiiltelefon), kui k\u00fclastate meie veebisaiti www.havas.ee. See k\u00fcpsisepoliitika sisaldab teavet selle kohta, mis on k\u00fcpsised, milliseid k\u00fcpsiseid Havas kasutab havas.com veebisaidil ja nende kasutamise eesm\u00e4rke, samuti teie k\u00fcpsiste eelistusi. See k\u00fcpsisepoliitika tuleks lugeda koos Havas privaatsuspoliitikaga.. Mida me m\u00f5tleme k\u00fcpsiste ja muude [&hellip;]","og_url":"https:\/\/ee.havas.com\/et\/kupsisepoliitika\/","og_site_name":"Havas Estonia","article_modified_time":"2023-12-14T18:39:23+00:00","twitter_card":"summary_large_image","twitter_misc":{"Est. reading time":"5 minutes"},"schema":{"@context":"https:\/\/schema.org","@graph":[{"@type":"WebPage","@id":"https:\/\/ee.havas.com\/et\/kupsisepoliitika\/","url":"https:\/\/ee.havas.com\/et\/kupsisepoliitika\/","name":"K\u00fcpsisepoliitika - Havas Estonia","isPartOf":{"@id":"https:\/\/ee.havas.com\/#website"},"datePublished":"2023-09-06T11:02:00+00:00","dateModified":"2023-12-14T18:39:23+00:00","breadcrumb":{"@id":"https:\/\/ee.havas.com\/et\/kupsisepoliitika\/#breadcrumb"},"inLanguage":"et","potentialAction":[{"@type":"ReadAction","target":["https:\/\/ee.havas.com\/et\/kupsisepoliitika\/"]}]},{"@type":"BreadcrumbList","@id":"https:\/\/ee.havas.com\/et\/kupsisepoliitika\/#breadcrumb","itemListElement":[{"@type":"ListItem","position":1,"name":"Home","item":"https:\/\/ee.havas.com\/et\/"},{"@type":"ListItem","position":2,"name":"K\u00fcpsisepoliitika"}]},{"@type":"WebSite","@id":"https:\/\/ee.havas.com\/#website","url":"https:\/\/ee.havas.com\/","name":"Havas Estonia","description":"","potentialAction":[{"@type":"SearchAction","target":{"@type":"EntryPoint","urlTemplate":"https:\/\/ee.havas.com\/?s={search_term_string}"},"query-input":{"@type":"PropertyValueSpecification","valueRequired":true,"valueName":"search_term_string"}}],"inLanguage":"et"}]}},"_links":{"self":[{"href":"https:\/\/ee.havas.com\/et\/wp-json\/wp\/v2\/pages\/706","targetHints":{"allow":["GET"]}}],"collection":[{"href":"https:\/\/ee.havas.com\/et\/wp-json\/wp\/v2\/pages"}],"about":[{"href":"https:\/\/ee.havas.com\/et\/wp-json\/wp\/v2\/types\/page"}],"author":[{"embeddable":true,"href":"https:\/\/ee.havas.com\/et\/wp-json\/wp\/v2\/users\/1"}],"replies":[{"embeddable":true,"href":"https:\/\/ee.havas.com\/et\/wp-json\/wp\/v2\/comments?post=706"}],"version-history":[{"count":0,"href":"https:\/\/ee.havas.com\/et\/wp-json\/wp\/v2\/pages\/706\/revisions"}],"wp:attachment":[{"href":"https:\/\/ee.havas.com\/et\/wp-json\/wp\/v2\/media?parent=706"}],"curies":[{"name":"wp","href":"https:\/\/api.w.org\/{rel}","templated":true}]}}