{"id":702,"date":"2023-09-06T10:19:58","date_gmt":"2023-09-06T10:19:58","guid":{"rendered":"https:\/\/ee.havas.com\/terms-of-use-es\/"},"modified":"2023-12-14T18:41:48","modified_gmt":"2023-12-14T18:41:48","slug":"uldised-kasutustingimused","status":"publish","type":"page","link":"https:\/\/ee.havas.com\/et\/uldised-kasutustingimused\/","title":{"rendered":"\u00dcldised kasutustingimused"},"content":{"rendered":"<div class=\"container -content\">\n<h1>\u00dcldised kasutustingimused<\/h1>\n<p class=\"term-desc\">Tere tulemast Havas SA avaldatud Havas veebisaidile, mis on saadaval aadressil www.havas.ee (edaspidi \u201eveebisait\u201c).<\/p>\n<p class=\"term-desc\">Igasugune juurdep\u00e4\u00e4s veebisaidile v\u00f5i selle kasutamine on allutatud k\u00e4esolevatele \u00fcldtingimustele (edaspidi &#8220;\u00fcldtingimused&#8221;).<\/p>\n<p class=\"term-desc\">Enne veebilehe kasutamist lugege hoolikalt l\u00e4bi \u00fcldtingimused.<\/p>\n<h2>\u00dcldtingimuste aktsepteerimine ja j\u00f5ustatavus<\/h2>\n<p class=\"term-desc\">Veebisaidile sisenedes ja seda kasutades n\u00f5ustute t\u00e4ielikult \u00fcldtingimustega ning n\u00f5ustute neid j\u00e4rgima. \u00dcldtingimused on teile kohustuslikud, loetakse loetuks ja kehtivaks veebisaidi esmakordsel kasutamisel ja ainult veebisaidi sirvimisel. Samuti v\u00f5ite edaspidiseks kasutamiseks salvestada ja\/v\u00f5i printida \u00fcldtingimuste koopia. V\u00f5ime muuta \u00fcldtingimusi igal ajal ja ette teatamata. Need muudatused j\u00f5ustuvad kohe, kui need on veebis postitatud. Veebisaidi j\u00e4tkuv kasutamine p\u00e4rast muudatuste tegemist t\u00e4hendab muudatustega n\u00f5ustumist tervikuna. Kui te ei kavatse \u00fcldtingimustega n\u00f5ustuda, l\u00f5petage veebisaidi sirvimine.<\/p>\n<h2>Juurdep\u00e4\u00e4s veebisaidile ja selle kasutamine<\/h2>\n<p class=\"term-desc\">TVeebileht on tasuta juurdep\u00e4\u00e4setav k\u00f5igile Interneti-juurdep\u00e4\u00e4su omavatele kasutajatele.<\/p>\n<p class=\"term-desc\">Pange t\u00e4hele, et veebisaidi kasutamine s\u00f5ltub teie seadmete v\u00f5imest j\u00e4rgida meie minimaalseid standardseid tehnilisi spetsifikatsioone ja \u00fchilduvusteatist. Teie kohustus on kontrollida neid tehnilisi andmeid ja kontrollida, kas teie seade \u00fchildub meie toodete ja teenustega. K\u00f5ik veebisaidile juurdep\u00e4\u00e4su ja telekommunikatsiooniv\u00f5rgu kasutamisega seotud kulud, olenemata sellest, kas riistvara, tarkvara v\u00f5i Interneti-juurdep\u00e4\u00e4su kulud on seotud teie juurdep\u00e4\u00e4su pakkujate ja telekommunikatsioonioperaatorite kehtestatud tingimustega, on teie kulul. Teie vastutate ainuisikuliselt oma arvutiseadmete ja Interneti-juurdep\u00e4\u00e4su eest. Veebilehte uuendatakse regulaarselt ja seet\u00f5ttu v\u00f5idakse igal ajal teha muudatusi. J\u00e4tame endale \u00f5iguse t\u00fchistada, muuta v\u00f5i peatada juurdep\u00e4\u00e4s veebisaidile igal ajal ilma ette teatamata, eriti hoolduse eesm\u00e4rgil. L\u00f5puks ei garanteeri me, et kogu veebisait v\u00f5i osa sellest on saadaval ja\/v\u00f5i sobib igas maailma riigis. Kui k\u00fclastate veebisaiti, ei ole teil \u00f5igust kasutada ega lubada kolmandatel isikutel kasutada \u00fchtegi automatiseeritud s\u00fcsteemi v\u00f5i tarkvara, mis v\u00f5ib veebisaidilt sisu v\u00f5i andmeid \u00e4rilistel eesm\u00e4rkidel ekstraktida. N\u00f5ustute mitte kasutama veebisaiti pettuse eesm\u00e4rkidel ega osalema k\u00e4itumises, mis v\u00f5ib kahjustada Havas SA v\u00f5i kolmandate isikute mainet, huve ja \u00f5igusi, ega sooritama kuritahtlikke v\u00f5i pahatahtlikke tegusid, n\u00e4iteks:<\/p>\n<ul>\n<li>H\u00e4kkimine, viiruste v\u00f5i pahatahtliku koodi sisestamine<\/li>\n<li>Juurdep\u00e4\u00e4s veebisaidile, selle s\u00fcsteemidele v\u00f5i koodidele v\u00f5i sellele juurdep\u00e4\u00e4su katse ilma loata <\/li>\n<li>andmete v\u00f5i teabe volitamata muutmine <\/li>\n<li>v\u00e4ljav\u00f5tmine veebilehe terviklikkuse ja\/v\u00f5i toimivuse kahjustamine.<\/li>\n<\/ul>\n<p class=\"term-desc\">\u00dcldiselt n\u00f5ustute mitte tegutsema viisil, mis v\u00f5ib veebisaiti kahjustada, h\u00e4irida v\u00f5i \u00fcle koormata, mitte tegema sellest koopiaid ega mitte mingil viisil takistama selle tavap\u00e4rast kasutamist ja funktsionaalsust.<\/p>\n<p class=\"term-desc\">Juhime t\u00e4helepanu, et \u00fcldtingimuste s\u00e4tete rikkumise v\u00f5i kahtlustatava rikkumise korral j\u00e4tame endale \u00f5iguse piirata, peatada v\u00f5i l\u00f5petada teie juurdep\u00e4\u00e4s veebisaidile, v\u00f5ttes selleks k\u00f5ik vajalikud tehnilised meetmed, ilma et see piiraks k\u00f5ik v\u00f5imalikud p\u00f6\u00f6rdumised teie vastu.<\/p>\n<h2>Meie veebisaidil oleva teabe usaldusv\u00e4\u00e4rsus<\/h2>\n<p class=\"term-desc\">Veebilehel avaldatud teave ei ole n\u00f5uanne ja seet\u00f5ttu ei tohiks sellele kui sellisele tugineda. Veebisaidil oleva teabe ajakohasust, t\u00e4psust, t\u00e4psust v\u00f5i t\u00e4ielikkust ei garanteerita.<\/p>\n<h2>Intellektuaal- ja t\u00f6\u00f6stusomand<\/h2>\n<p class=\"term-desc\">Veebisaidi sisu, selle \u00fcldine struktuur ja eelk\u00f5ige tarkvara, tekstid, animeeritud v\u00f5i pildid, illustratsioonid, fotod, heli, oskusteave, klipid, videod, kasutatud graafilised elemendid ja k\u00f5ik muud veebisaidi koostisosad on kas Havas SA eksklusiivne omand v\u00f5i Havas SA litsents. Veebisaidi t\u00e4ielik v\u00f5i osaline esitus mis tahes isiku poolt mis tahes v\u00f5i mis tahes viisil, sealhulgas allalaadimine, reprodutseerimine, edastamine, levitamine, kuvamine, levitamine ja t\u00e4ielik v\u00f5i osaline integreerimine olemasolevasse teosesse ilma Havas SA eelneva kirjaliku loata, on keelatud. Sama kehtib ka veebisaidil kuvatavate andmebaaside kohta, kui see on asjakohane ja mis on kaitstud intellektuaalomandi eeskirjadega. Veebilehe ja selle partnerite kaubam\u00e4rgid, domeeninimed, nimed, loosungid ja logod on samuti seadusega kaitstud. Veebilehe elementidest tehtud eristusm\u00e4rkide igasugune t\u00e4ielik v\u00f5i osaline reprodutseerimine ilma Havas SA eelneva kirjaliku loata on keelatud.<\/p>\n<h2>Isikuandmed ja k\u00fcpsised<\/h2>\n<p class=\"term-desc\">Teie isikuandmete privaatsus on meie jaoks oluline. V\u00f5ime koguda teilt teavet veebisaidil saadaolevate vormide kaudu. Andmekaitse\u00f5iguste kohta lisateabe saamiseks lugege meie<a href=\"\/et\/andmekaitsepoliitika\/\">privaatsuspoliitikat<\/a>, et saada \u00fcksikasjalikku teavet selle kohta, kuidas me teie isikuandmeid t\u00f6\u00f6tleme. K\u00fcpsiseid v\u00f5idakse installida ka siis, kui veebilehte sirvite. Palun lugege meie <a href=\"\/et\/kupsisepoliitika\/\">k\u00fcpsiste poliitikat,<\/a> , et teada saada, kuidas ja miks me k\u00fcpsiseid kasutame.<\/p>\n<h2>Kohaldatav seadus<\/h2>\n<p class=\"term-desc\">\u00dcldtingimusi reguleerivad Eesti ja Euroopa Liidu seadused ja nendega seoses tekkivad k\u00fcsimused v\u00f5i vaidlused kuuluvad p\u00e4deva jurisdiktsiooni alla. N\u00f5ustute s\u00f5naselgelt ja reservatsioonideta, et p\u00e4\u00e4sete veebisaidile juurde ja kasutate seda ainult sellisel kujul, nagu see on, omal vastutusel, ja et olete kohustatud j\u00e4rgima kohalikke seadusi, mis kehtivad veebisaidi kasutamisel ja\/v\u00f5i \u00fcldisemalt veebileht.<\/p>\n<p class=\"term-desc\">VEEBISAIDILE JUURDEP\u00c4\u00c4SU JA SELLE KASUTAMISEGA SEOTUD KOHTUVAIDLUSTE KORRAL, MIS ON SEOTUD SPETSIALISTIDE JA\/V\u00d5I KAUPLEJATEGA, M\u00c4\u00c4RATAKSE OTSENE P\u00c4DEVUS P\u00c4DEVALE KOHTULE, OLENEMATA MITME KOSTJA V\u00d5I KOLMANDATE ISIKUTE KAASAMISEST, SAMUTI KIIRELOOMULISTE V\u00d5I ENNETAVATE MEETMETE V\u00d5TMISEKS, KIIRMENETLUSE TAOTLUSEGA V\u00d5I AVALDUSE ESITAMISEGA.<\/p>\n<h2>\u00dclds\u00e4tted<\/h2>\n<p class=\"term-desc\">Kui m\u00f5ni \u00dcldtingimuste s\u00e4te tunnistatakse kehtetuks, siis see kustutatakse v\u00f5i asendatakse. T\u00fchiseks tunnistamine ei m\u00f5juta mingil juhul \u00fclej\u00e4\u00e4nud \u00fcldtingimuste s\u00e4tteid. Asjaolu, et Havas SA ei ole n\u00f5udnud klausli v\u00f5i \u00f5iguse kohaldamist \u00dcldtingimuste mis tahes s\u00e4ttest tulenevaid tingimusi, ei loeta \u00fchelgi juhul sellest loobumiseks. Veebileht ja selle \u00fcldtingimused on saadaval eesti ja inglise keeles.<\/p>\n<h2>V\u00f5ta meiega \u00fchendust<\/h2>\n<p class=\"term-desc\">Kui teil on k\u00fcsimusi v\u00f5i taotlusi veebisaidil ilmuva sisu v\u00f5i \u00fcldtingimuste kohta, v\u00f5tke meiega \u00fchendust j\u00e4rgmisel <a href=\"mailto:Info@havas.ee\">Info@havas.ee<\/a><\/p>\n<\/div>\n","protected":false},"excerpt":{"rendered":"<p>\u00dcldised kasutustingimused Tere tulemast Havas SA avaldatud Havas veebisaidile, mis on saadaval aadressil www.havas.ee (edaspidi \u201eveebisait\u201c). Igasugune juurdep\u00e4\u00e4s veebisaidile v\u00f5i selle kasutamine on allutatud k\u00e4esolevatele \u00fcldtingimustele (edaspidi &#8220;\u00fcldtingimused&#8221;). Enne veebilehe kasutamist lugege hoolikalt l\u00e4bi \u00fcldtingimused. \u00dcldtingimuste aktsepteerimine ja j\u00f5ustatavus Veebisaidile sisenedes ja seda kasutades n\u00f5ustute t\u00e4ielikult \u00fcldtingimustega ning n\u00f5ustute neid j\u00e4rgima. \u00dcldtingimused on teile kohustuslikud, [&hellip;]<\/p>\n","protected":false},"author":1,"featured_media":0,"parent":0,"menu_order":0,"comment_status":"closed","ping_status":"closed","template":"","meta":{"footnotes":""},"class_list":["post-702","page","type-page","status-publish","hentry","entry"],"yoast_head":"<!-- This site is optimized with the Yoast SEO plugin v27.5 - https:\/\/yoast.com\/product\/yoast-seo-wordpress\/ -->\n<title>\u00dcldised kasutustingimused - Havas Estonia<\/title>\n<meta name=\"robots\" content=\"index, follow, max-snippet:-1, max-image-preview:large, max-video-preview:-1\" \/>\n<link rel=\"canonical\" href=\"https:\/\/ee.havas.com\/et\/uldised-kasutustingimused\/\" \/>\n<meta property=\"og:locale\" content=\"et_EE\" \/>\n<meta property=\"og:type\" content=\"article\" \/>\n<meta property=\"og:title\" content=\"\u00dcldised kasutustingimused - Havas Estonia\" \/>\n<meta property=\"og:description\" content=\"\u00dcldised kasutustingimused Tere tulemast Havas SA avaldatud Havas veebisaidile, mis on saadaval aadressil www.havas.ee (edaspidi \u201eveebisait\u201c). Igasugune juurdep\u00e4\u00e4s veebisaidile v\u00f5i selle kasutamine on allutatud k\u00e4esolevatele \u00fcldtingimustele (edaspidi &#8220;\u00fcldtingimused&#8221;). Enne veebilehe kasutamist lugege hoolikalt l\u00e4bi \u00fcldtingimused. \u00dcldtingimuste aktsepteerimine ja j\u00f5ustatavus Veebisaidile sisenedes ja seda kasutades n\u00f5ustute t\u00e4ielikult \u00fcldtingimustega ning n\u00f5ustute neid j\u00e4rgima. \u00dcldtingimused on teile kohustuslikud, [&hellip;]\" \/>\n<meta property=\"og:url\" content=\"https:\/\/ee.havas.com\/et\/uldised-kasutustingimused\/\" \/>\n<meta property=\"og:site_name\" content=\"Havas Estonia\" \/>\n<meta property=\"article:modified_time\" content=\"2023-12-14T18:41:48+00:00\" \/>\n<meta name=\"twitter:card\" content=\"summary_large_image\" \/>\n<meta name=\"twitter:label1\" content=\"Est. reading time\" \/>\n\t<meta name=\"twitter:data1\" content=\"5 minutes\" \/>\n<script type=\"application\/ld+json\" class=\"yoast-schema-graph\">{\"@context\":\"https:\\\/\\\/schema.org\",\"@graph\":[{\"@type\":\"WebPage\",\"@id\":\"https:\\\/\\\/ee.havas.com\\\/et\\\/uldised-kasutustingimused\\\/\",\"url\":\"https:\\\/\\\/ee.havas.com\\\/et\\\/uldised-kasutustingimused\\\/\",\"name\":\"\u00dcldised kasutustingimused - Havas Estonia\",\"isPartOf\":{\"@id\":\"https:\\\/\\\/ee.havas.com\\\/#website\"},\"datePublished\":\"2023-09-06T10:19:58+00:00\",\"dateModified\":\"2023-12-14T18:41:48+00:00\",\"breadcrumb\":{\"@id\":\"https:\\\/\\\/ee.havas.com\\\/et\\\/uldised-kasutustingimused\\\/#breadcrumb\"},\"inLanguage\":\"et\",\"potentialAction\":[{\"@type\":\"ReadAction\",\"target\":[\"https:\\\/\\\/ee.havas.com\\\/et\\\/uldised-kasutustingimused\\\/\"]}]},{\"@type\":\"BreadcrumbList\",\"@id\":\"https:\\\/\\\/ee.havas.com\\\/et\\\/uldised-kasutustingimused\\\/#breadcrumb\",\"itemListElement\":[{\"@type\":\"ListItem\",\"position\":1,\"name\":\"Home\",\"item\":\"https:\\\/\\\/ee.havas.com\\\/et\\\/\"},{\"@type\":\"ListItem\",\"position\":2,\"name\":\"\u00dcldised kasutustingimused\"}]},{\"@type\":\"WebSite\",\"@id\":\"https:\\\/\\\/ee.havas.com\\\/#website\",\"url\":\"https:\\\/\\\/ee.havas.com\\\/\",\"name\":\"Havas Estonia\",\"description\":\"\",\"potentialAction\":[{\"@type\":\"SearchAction\",\"target\":{\"@type\":\"EntryPoint\",\"urlTemplate\":\"https:\\\/\\\/ee.havas.com\\\/?s={search_term_string}\"},\"query-input\":{\"@type\":\"PropertyValueSpecification\",\"valueRequired\":true,\"valueName\":\"search_term_string\"}}],\"inLanguage\":\"et\"}]}<\/script>\n<!-- \/ Yoast SEO plugin. -->","yoast_head_json":{"title":"\u00dcldised kasutustingimused - Havas Estonia","robots":{"index":"index","follow":"follow","max-snippet":"max-snippet:-1","max-image-preview":"max-image-preview:large","max-video-preview":"max-video-preview:-1"},"canonical":"https:\/\/ee.havas.com\/et\/uldised-kasutustingimused\/","og_locale":"et_EE","og_type":"article","og_title":"\u00dcldised kasutustingimused - Havas Estonia","og_description":"\u00dcldised kasutustingimused Tere tulemast Havas SA avaldatud Havas veebisaidile, mis on saadaval aadressil www.havas.ee (edaspidi \u201eveebisait\u201c). Igasugune juurdep\u00e4\u00e4s veebisaidile v\u00f5i selle kasutamine on allutatud k\u00e4esolevatele \u00fcldtingimustele (edaspidi &#8220;\u00fcldtingimused&#8221;). Enne veebilehe kasutamist lugege hoolikalt l\u00e4bi \u00fcldtingimused. \u00dcldtingimuste aktsepteerimine ja j\u00f5ustatavus Veebisaidile sisenedes ja seda kasutades n\u00f5ustute t\u00e4ielikult \u00fcldtingimustega ning n\u00f5ustute neid j\u00e4rgima. \u00dcldtingimused on teile kohustuslikud, [&hellip;]","og_url":"https:\/\/ee.havas.com\/et\/uldised-kasutustingimused\/","og_site_name":"Havas Estonia","article_modified_time":"2023-12-14T18:41:48+00:00","twitter_card":"summary_large_image","twitter_misc":{"Est. reading time":"5 minutes"},"schema":{"@context":"https:\/\/schema.org","@graph":[{"@type":"WebPage","@id":"https:\/\/ee.havas.com\/et\/uldised-kasutustingimused\/","url":"https:\/\/ee.havas.com\/et\/uldised-kasutustingimused\/","name":"\u00dcldised kasutustingimused - Havas Estonia","isPartOf":{"@id":"https:\/\/ee.havas.com\/#website"},"datePublished":"2023-09-06T10:19:58+00:00","dateModified":"2023-12-14T18:41:48+00:00","breadcrumb":{"@id":"https:\/\/ee.havas.com\/et\/uldised-kasutustingimused\/#breadcrumb"},"inLanguage":"et","potentialAction":[{"@type":"ReadAction","target":["https:\/\/ee.havas.com\/et\/uldised-kasutustingimused\/"]}]},{"@type":"BreadcrumbList","@id":"https:\/\/ee.havas.com\/et\/uldised-kasutustingimused\/#breadcrumb","itemListElement":[{"@type":"ListItem","position":1,"name":"Home","item":"https:\/\/ee.havas.com\/et\/"},{"@type":"ListItem","position":2,"name":"\u00dcldised kasutustingimused"}]},{"@type":"WebSite","@id":"https:\/\/ee.havas.com\/#website","url":"https:\/\/ee.havas.com\/","name":"Havas Estonia","description":"","potentialAction":[{"@type":"SearchAction","target":{"@type":"EntryPoint","urlTemplate":"https:\/\/ee.havas.com\/?s={search_term_string}"},"query-input":{"@type":"PropertyValueSpecification","valueRequired":true,"valueName":"search_term_string"}}],"inLanguage":"et"}]}},"_links":{"self":[{"href":"https:\/\/ee.havas.com\/et\/wp-json\/wp\/v2\/pages\/702","targetHints":{"allow":["GET"]}}],"collection":[{"href":"https:\/\/ee.havas.com\/et\/wp-json\/wp\/v2\/pages"}],"about":[{"href":"https:\/\/ee.havas.com\/et\/wp-json\/wp\/v2\/types\/page"}],"author":[{"embeddable":true,"href":"https:\/\/ee.havas.com\/et\/wp-json\/wp\/v2\/users\/1"}],"replies":[{"embeddable":true,"href":"https:\/\/ee.havas.com\/et\/wp-json\/wp\/v2\/comments?post=702"}],"version-history":[{"count":0,"href":"https:\/\/ee.havas.com\/et\/wp-json\/wp\/v2\/pages\/702\/revisions"}],"wp:attachment":[{"href":"https:\/\/ee.havas.com\/et\/wp-json\/wp\/v2\/media?parent=702"}],"curies":[{"name":"wp","href":"https:\/\/api.w.org\/{rel}","templated":true}]}}